{"id":171,"date":"2019-10-21T10:37:09","date_gmt":"2019-10-21T08:37:09","guid":{"rendered":"http:\/\/www.bodegaseguiluz.es\/?page_id=171"},"modified":"2025-01-31T12:32:07","modified_gmt":"2025-01-31T11:32:07","slug":"bodegas-eguiluz","status":"publish","type":"page","link":"https:\/\/www.bodegaseguiluz.es\/en\/","title":{"rendered":"HOME"},"content":{"rendered":"","protected":false},"excerpt":{"rendered":"","protected":false},"author":1,"featured_media":0,"parent":0,"menu_order":0,"comment_status":"closed","ping_status":"open","template":"","meta":{"_acf_changed":false,"footnotes":""},"class_list":["post-171","page","type-page","status-publish","hentry"],"acf":[],"yoast_head":"<!-- This site is optimized with the Yoast SEO plugin v25.5 - https:\/\/yoast.com\/wordpress\/plugins\/seo\/ -->\n<title>We are Bodegas Egu\u00edluz in \u00c1balos, La Rioja<\/title>\n<meta name=\"description\" content=\"This is the home of Bodegas y Vi\u00f1edos Egu\u00edluz in \u00c1balos, La Rioja, where we make authentic Rioja wines, with soul, faithful to family tradition.\" \/>\n<meta name=\"robots\" content=\"index, follow, max-snippet:-1, max-image-preview:large, max-video-preview:-1\" \/>\n<link rel=\"canonical\" href=\"https:\/\/www.bodegaseguiluz.es\/en\/\" \/>\n<meta property=\"og:locale\" content=\"en_US\" \/>\n<meta property=\"og:type\" content=\"article\" \/>\n<meta property=\"og:title\" content=\"We are Bodegas Egu\u00edluz in \u00c1balos, La Rioja\" \/>\n<meta property=\"og:description\" content=\"This is the home of Bodegas y Vi\u00f1edos Egu\u00edluz in \u00c1balos, La Rioja, where we make authentic Rioja wines, with soul, faithful to family tradition.\" \/>\n<meta property=\"og:url\" content=\"https:\/\/www.bodegaseguiluz.es\/en\/\" \/>\n<meta property=\"og:site_name\" content=\"Bodegas Egu\u00edluz\" \/>\n<meta property=\"article:modified_time\" content=\"2025-01-31T11:32:07+00:00\" \/>\n<meta property=\"og:image\" content=\"http:\/\/www.bodegaseguiluz.es\/wp-content\/uploads\/2019\/10\/galeria05.jpg\" \/>\n<meta name=\"twitter:card\" content=\"summary_large_image\" \/>\n<meta name=\"twitter:title\" content=\"We are Bodegas Egu\u00edluz in \u00c1balos, La Rioja\" \/>\n<meta name=\"twitter:description\" content=\"This is the home of Bodegas y Vi\u00f1edos Egu\u00edluz in \u00c1balos, La Rioja, where we make authentic Rioja wines, with soul, faithful to family tradition.\" \/>\n<meta name=\"twitter:image\" content=\"http:\/\/www.bodegaseguiluz.es\/wp-content\/uploads\/2019\/10\/galeria05.jpg\" \/>\n<script type=\"application\/ld+json\" class=\"yoast-schema-graph\">{\"@context\":\"https:\/\/schema.org\",\"@graph\":[{\"@type\":\"WebPage\",\"@id\":\"https:\/\/www.bodegaseguiluz.es\/en\/\",\"url\":\"https:\/\/www.bodegaseguiluz.es\/en\/\",\"name\":\"We are Bodegas Egu\u00edluz in \u00c1balos, La Rioja\",\"isPartOf\":{\"@id\":\"https:\/\/www.bodegaseguiluz.es\/#website\"},\"datePublished\":\"2019-10-21T08:37:09+00:00\",\"dateModified\":\"2025-01-31T11:32:07+00:00\",\"description\":\"This is the home of Bodegas y Vi\u00f1edos Egu\u00edluz in \u00c1balos, La Rioja, where we make authentic Rioja wines, with soul, faithful to family tradition.\",\"breadcrumb\":{\"@id\":\"https:\/\/www.bodegaseguiluz.es\/en\/#breadcrumb\"},\"inLanguage\":\"en-US\",\"potentialAction\":[{\"@type\":\"ReadAction\",\"target\":[\"https:\/\/www.bodegaseguiluz.es\/en\/\"]}]},{\"@type\":\"BreadcrumbList\",\"@id\":\"https:\/\/www.bodegaseguiluz.es\/en\/#breadcrumb\",\"itemListElement\":[{\"@type\":\"ListItem\",\"position\":1,\"name\":\"Home\",\"item\":\"https:\/\/www.bodegaseguiluz.es\/en\/\"},{\"@type\":\"ListItem\",\"position\":2,\"name\":\"HOME\"}]},{\"@type\":\"WebSite\",\"@id\":\"https:\/\/www.bodegaseguiluz.es\/#website\",\"url\":\"https:\/\/www.bodegaseguiluz.es\/\",\"name\":\"Bodegas Egu\u00edluz\",\"description\":\"Tradici\u00f3n Familiar\",\"publisher\":{\"@id\":\"https:\/\/www.bodegaseguiluz.es\/#organization\"},\"potentialAction\":[{\"@type\":\"SearchAction\",\"target\":{\"@type\":\"EntryPoint\",\"urlTemplate\":\"https:\/\/www.bodegaseguiluz.es\/?s={search_term_string}\"},\"query-input\":{\"@type\":\"PropertyValueSpecification\",\"valueRequired\":true,\"valueName\":\"search_term_string\"}}],\"inLanguage\":\"en-US\"},{\"@type\":\"Organization\",\"@id\":\"https:\/\/www.bodegaseguiluz.es\/#organization\",\"name\":\"Bodegas Egu\u00edluz\",\"url\":\"https:\/\/www.bodegaseguiluz.es\/\",\"logo\":{\"@type\":\"ImageObject\",\"inLanguage\":\"en-US\",\"@id\":\"https:\/\/www.bodegaseguiluz.es\/#\/schema\/logo\/image\/\",\"url\":\"https:\/\/www.bodegaseguiluz.es\/wp-content\/uploads\/2019\/10\/logo-bodegas-eguiluzx2.png\",\"contentUrl\":\"https:\/\/www.bodegaseguiluz.es\/wp-content\/uploads\/2019\/10\/logo-bodegas-eguiluzx2.png\",\"width\":452,\"height\":202,\"caption\":\"Bodegas Egu\u00edluz\"},\"image\":{\"@id\":\"https:\/\/www.bodegaseguiluz.es\/#\/schema\/logo\/image\/\"}}]}<\/script>\n<!-- \/ Yoast SEO plugin. -->","yoast_head_json":{"title":"We are Bodegas Egu\u00edluz in \u00c1balos, La Rioja","description":"This is the home of Bodegas y Vi\u00f1edos Egu\u00edluz in \u00c1balos, La Rioja, where we make authentic Rioja wines, with soul, faithful to family tradition.","robots":{"index":"index","follow":"follow","max-snippet":"max-snippet:-1","max-image-preview":"max-image-preview:large","max-video-preview":"max-video-preview:-1"},"canonical":"https:\/\/www.bodegaseguiluz.es\/en\/","og_locale":"en_US","og_type":"article","og_title":"We are Bodegas Egu\u00edluz in \u00c1balos, La Rioja","og_description":"This is the home of Bodegas y Vi\u00f1edos Egu\u00edluz in \u00c1balos, La Rioja, where we make authentic Rioja wines, with soul, faithful to family tradition.","og_url":"https:\/\/www.bodegaseguiluz.es\/en\/","og_site_name":"Bodegas Egu\u00edluz","article_modified_time":"2025-01-31T11:32:07+00:00","og_image":[{"url":"http:\/\/www.bodegaseguiluz.es\/wp-content\/uploads\/2019\/10\/galeria05.jpg","type":"","width":"","height":""}],"twitter_card":"summary_large_image","twitter_title":"We are Bodegas Egu\u00edluz in \u00c1balos, La Rioja","twitter_description":"This is the home of Bodegas y Vi\u00f1edos Egu\u00edluz in \u00c1balos, La Rioja, where we make authentic Rioja wines, with soul, faithful to family tradition.","twitter_image":"http:\/\/www.bodegaseguiluz.es\/wp-content\/uploads\/2019\/10\/galeria05.jpg","schema":{"@context":"https:\/\/schema.org","@graph":[{"@type":"WebPage","@id":"https:\/\/www.bodegaseguiluz.es\/en\/","url":"https:\/\/www.bodegaseguiluz.es\/en\/","name":"We are Bodegas Egu\u00edluz in \u00c1balos, La Rioja","isPartOf":{"@id":"https:\/\/www.bodegaseguiluz.es\/#website"},"datePublished":"2019-10-21T08:37:09+00:00","dateModified":"2025-01-31T11:32:07+00:00","description":"This is the home of Bodegas y Vi\u00f1edos Egu\u00edluz in \u00c1balos, La Rioja, where we make authentic Rioja wines, with soul, faithful to family tradition.","breadcrumb":{"@id":"https:\/\/www.bodegaseguiluz.es\/en\/#breadcrumb"},"inLanguage":"en-US","potentialAction":[{"@type":"ReadAction","target":["https:\/\/www.bodegaseguiluz.es\/en\/"]}]},{"@type":"BreadcrumbList","@id":"https:\/\/www.bodegaseguiluz.es\/en\/#breadcrumb","itemListElement":[{"@type":"ListItem","position":1,"name":"Home","item":"https:\/\/www.bodegaseguiluz.es\/en\/"},{"@type":"ListItem","position":2,"name":"HOME"}]},{"@type":"WebSite","@id":"https:\/\/www.bodegaseguiluz.es\/#website","url":"https:\/\/www.bodegaseguiluz.es\/","name":"Bodegas Egu\u00edluz","description":"Tradici\u00f3n Familiar","publisher":{"@id":"https:\/\/www.bodegaseguiluz.es\/#organization"},"potentialAction":[{"@type":"SearchAction","target":{"@type":"EntryPoint","urlTemplate":"https:\/\/www.bodegaseguiluz.es\/?s={search_term_string}"},"query-input":{"@type":"PropertyValueSpecification","valueRequired":true,"valueName":"search_term_string"}}],"inLanguage":"en-US"},{"@type":"Organization","@id":"https:\/\/www.bodegaseguiluz.es\/#organization","name":"Bodegas Egu\u00edluz","url":"https:\/\/www.bodegaseguiluz.es\/","logo":{"@type":"ImageObject","inLanguage":"en-US","@id":"https:\/\/www.bodegaseguiluz.es\/#\/schema\/logo\/image\/","url":"https:\/\/www.bodegaseguiluz.es\/wp-content\/uploads\/2019\/10\/logo-bodegas-eguiluzx2.png","contentUrl":"https:\/\/www.bodegaseguiluz.es\/wp-content\/uploads\/2019\/10\/logo-bodegas-eguiluzx2.png","width":452,"height":202,"caption":"Bodegas Egu\u00edluz"},"image":{"@id":"https:\/\/www.bodegaseguiluz.es\/#\/schema\/logo\/image\/"}}]}},"_links":{"self":[{"href":"https:\/\/www.bodegaseguiluz.es\/en\/wp-json\/wp\/v2\/pages\/171","targetHints":{"allow":["GET"]}}],"collection":[{"href":"https:\/\/www.bodegaseguiluz.es\/en\/wp-json\/wp\/v2\/pages"}],"about":[{"href":"https:\/\/www.bodegaseguiluz.es\/en\/wp-json\/wp\/v2\/types\/page"}],"author":[{"embeddable":true,"href":"https:\/\/www.bodegaseguiluz.es\/en\/wp-json\/wp\/v2\/users\/1"}],"replies":[{"embeddable":true,"href":"https:\/\/www.bodegaseguiluz.es\/en\/wp-json\/wp\/v2\/comments?post=171"}],"version-history":[{"count":2,"href":"https:\/\/www.bodegaseguiluz.es\/en\/wp-json\/wp\/v2\/pages\/171\/revisions"}],"predecessor-version":[{"id":7780,"href":"https:\/\/www.bodegaseguiluz.es\/en\/wp-json\/wp\/v2\/pages\/171\/revisions\/7780"}],"wp:attachment":[{"href":"https:\/\/www.bodegaseguiluz.es\/en\/wp-json\/wp\/v2\/media?parent=171"}],"curies":[{"name":"wp","href":"https:\/\/api.w.org\/{rel}","templated":true}]}}